{"id":69,"date":"2016-03-29T14:10:57","date_gmt":"2016-03-29T20:10:57","guid":{"rendered":"http:\/\/www.suwebmaster.info\/fecacso\/?page_id=69"},"modified":"2016-08-09T20:44:34","modified_gmt":"2016-08-10T02:44:34","slug":"instituciones-de-interes","status":"publish","type":"page","link":"http:\/\/fecacso.com\/?page_id=69","title":{"rendered":"Instituciones de Inter\u00e9s"},"content":{"rendered":"<p><a href=\"http:\/\/www.semac.org.mx\/\" target=\"_blank\">Sociedad de Ergonomistas de M\u00e9xico<\/a><\/p>\n<p>Es una asociaci\u00f3n civil formada por ergonomistas mexicanos con cl\u00e1usula de admisi\u00f3n para extranjeros, que tiene entre sus objetivos principales promover, propiciar y patrocinar programas educativos, conferencias, cursos, congresos, y eventos que enriquezcan la cultura de la ergonom\u00eda a nivel nacional e internacional.<\/p>\n<p align=\"justify\">\n","protected":false},"excerpt":{"rendered":"<p>Sociedad de Ergonomistas de M\u00e9xico Es una asociaci\u00f3n civil formada por ergonomistas mexicanos con cl\u00e1usula de admisi\u00f3n para extranjeros, que tiene entre sus objetivos principales promover, propiciar y patrocinar programas educativos, conferencias, cursos, congresos, y eventos que enriquezcan la cultura<\/p>\n","protected":false},"author":2,"featured_media":0,"parent":0,"menu_order":0,"comment_status":"open","ping_status":"open","template":"","meta":{"footnotes":""},"_links":{"self":[{"href":"http:\/\/fecacso.com\/index.php?rest_route=\/wp\/v2\/pages\/69"}],"collection":[{"href":"http:\/\/fecacso.com\/index.php?rest_route=\/wp\/v2\/pages"}],"about":[{"href":"http:\/\/fecacso.com\/index.php?rest_route=\/wp\/v2\/types\/page"}],"author":[{"embeddable":true,"href":"http:\/\/fecacso.com\/index.php?rest_route=\/wp\/v2\/users\/2"}],"replies":[{"embeddable":true,"href":"http:\/\/fecacso.com\/index.php?rest_route=%2Fwp%2Fv2%2Fcomments&post=69"}],"version-history":[{"count":3,"href":"http:\/\/fecacso.com\/index.php?rest_route=\/wp\/v2\/pages\/69\/revisions"}],"predecessor-version":[{"id":298,"href":"http:\/\/fecacso.com\/index.php?rest_route=\/wp\/v2\/pages\/69\/revisions\/298"}],"wp:attachment":[{"href":"http:\/\/fecacso.com\/index.php?rest_route=%2Fwp%2Fv2%2Fmedia&parent=69"}],"curies":[{"name":"wp","href":"https:\/\/api.w.org\/{rel}","templated":true}]}}