{"id":5,"date":"2016-03-27T18:19:57","date_gmt":"2016-03-28T00:19:57","guid":{"rendered":"http:\/\/www.suwebmaster.info\/fecacso\/?page_id=5"},"modified":"2018-04-12T18:23:09","modified_gmt":"2018-04-13T00:23:09","slug":"quienes-somos","status":"publish","type":"page","link":"http:\/\/fecacso.com\/?page_id=5","title":{"rendered":"Qui\u00e9nes Somos"},"content":{"rendered":"<p style=\"text-align: justify;\"><strong>Objetivos Generales:<\/strong><\/p>\n<p style=\"text-align: justify;\">FECACSO es una Federaci\u00f3n sin fines de lucro, apol\u00edtica y de car\u00e1cter gremial y cient\u00edfico que agrupa a los pa\u00edses que comprenden la Regi\u00f3n Centroamericana y del Caribe interesados en la investigaci\u00f3n, desarrollo y crecimiento de la Salud Ocupacional a favor de los trabajadores\u00a0\u00a0para el logro de una mejor calidad de vida laboral.<\/p>\n<p style=\"text-align: justify;\">FECACSO es una Federaci\u00f3n que busca comprender mejor las causas, comportamientos, tratamientos, formas de prevenci\u00f3n y rehabilitaci\u00f3n de los riesgos de trabajo (accidentes de trabajo \u00f3 enfermedades del trabajo).<\/p>\n<p style=\"text-align: justify;\">FECACSO es un ejemplo de confraternidad cient\u00edfica seria, con profesionistas serios de gran val\u00eda acad\u00e9mica y emocional.<\/p>\n<p style=\"text-align: justify;\">FECACSO intenta consolidarse con UNA SOLA SOCIEDAD O MIEMBRO TITULAR por pa\u00eds, que es el que vota como pa\u00eds y los SOCIOS ADHERENTES del mismo pa\u00eds, si los hubiera, tienen derecho a voz pero no a voto (esto sucede si en un pa\u00eds hubiera otra Sociedad que quisiera ser socia FECACSO y ya existiera una TITULAR)<\/p>\n<p style=\"text-align: justify;\">FECACSO no cobra cuota de inscripci\u00f3n o anualidad. Llevamos conformados desde el a\u00f1o 2000 y seguimos juntos disfrutando el intercambio acad\u00e9mico y emocional cada dos a\u00f1os en nuestros pa\u00edses, adem\u00e1s de los intercambios v\u00eda electr\u00f3nica que enriquecen nuestra pr\u00e1ctica en la Salud Ocupacional, aplic\u00e1ndose ya sea en Medicina del Trabajo, Seguridad e Higiene Industrial, Ergonom\u00eda,\u00a0\u00a0Enfermer\u00eda Industrial, Sociolog\u00eda o Psicolog\u00eda del Trabajo y Medio Ambiente.<\/p>\n<p style=\"text-align: justify;\">FECACSO no solicita participaci\u00f3n econ\u00f3mica en el pa\u00eds sede (cada 2 a\u00f1os) que sirve de anfitri\u00f3n y se ajusta a las condiciones de apoyo que pueda dar cada uno de los pa\u00edses que la conformamos.<\/p>\n<p style=\"text-align: justify;\">FECACSO buscar\u00e1 en los pa\u00edses que falten de inscribirse, la Sociedad que quiera representarlos, si tiene las bases s\u00f3lidas de formaci\u00f3n y permanencia en la filosof\u00eda del dar que demanda nuestra Salud Ocupacional para continuar nuestro lema que no solamente se escribe sino plenamente se vive:<\/p>\n<blockquote>\n<p style=\"text-align: center;\"><strong>\u201cSalud Ocupacional: Unida en una regi\u00f3n\u2026 con la ciencia y el coraz\u00f3n\u201d<\/strong><\/p>\n<\/blockquote>\n<p style=\"text-align: justify;\"><a href=\"http:\/\/www.fecacso.com\/wp-content\/uploads\/2016\/03\/Logo-y-Lema-FECACSO.pdf\">Logo y Lema FECACSO<\/a>\u00a0(click para consultar documento)<\/p>\n","protected":false},"excerpt":{"rendered":"<p>Objetivos Generales: FECACSO es una Federaci\u00f3n sin fines de lucro, apol\u00edtica y de car\u00e1cter gremial y cient\u00edfico que agrupa a los pa\u00edses que comprenden la Regi\u00f3n Centroamericana y del Caribe interesados en la investigaci\u00f3n, desarrollo y crecimiento de la Salud<\/p>\n","protected":false},"author":2,"featured_media":0,"parent":0,"menu_order":0,"comment_status":"open","ping_status":"open","template":"","meta":{"footnotes":""},"_links":{"self":[{"href":"http:\/\/fecacso.com\/index.php?rest_route=\/wp\/v2\/pages\/5"}],"collection":[{"href":"http:\/\/fecacso.com\/index.php?rest_route=\/wp\/v2\/pages"}],"about":[{"href":"http:\/\/fecacso.com\/index.php?rest_route=\/wp\/v2\/types\/page"}],"author":[{"embeddable":true,"href":"http:\/\/fecacso.com\/index.php?rest_route=\/wp\/v2\/users\/2"}],"replies":[{"embeddable":true,"href":"http:\/\/fecacso.com\/index.php?rest_route=%2Fwp%2Fv2%2Fcomments&post=5"}],"version-history":[{"count":9,"href":"http:\/\/fecacso.com\/index.php?rest_route=\/wp\/v2\/pages\/5\/revisions"}],"predecessor-version":[{"id":507,"href":"http:\/\/fecacso.com\/index.php?rest_route=\/wp\/v2\/pages\/5\/revisions\/507"}],"wp:attachment":[{"href":"http:\/\/fecacso.com\/index.php?rest_route=%2Fwp%2Fv2%2Fmedia&parent=5"}],"curies":[{"name":"wp","href":"https:\/\/api.w.org\/{rel}","templated":true}]}}