{"id":340,"date":"2017-01-23T21:11:06","date_gmt":"2017-01-24T03:11:06","guid":{"rendered":"http:\/\/www.suwebmaster.info\/fecacso\/?page_id=340"},"modified":"2025-06-03T13:50:02","modified_gmt":"2025-06-03T19:50:02","slug":"premio-a-la-excelencia","status":"publish","type":"page","link":"http:\/\/fecacso.com\/?page_id=340","title":{"rendered":"Premio a la Excelencia"},"content":{"rendered":"\n<h2 class=\"wp-block-heading has-text-align-center\">Premio a la Excelencia en Salud y Seguridad Ocupacional<br>Centro Am\u00e9rica y el Caribe<br>&#8220;Dr. Carlos Espejo&#8221; 2025<\/h2>\n\n\n\n<p>En el marco del XIII Congreso de FECACSO 2025, se realiz\u00f3 la entrega del Premio a la Excelencia. Este galard\u00f3n no solo reconoce la trayectoria y el impacto de un profesional ejemplar, sino que tambi\u00e9n celebra la dedicaci\u00f3n incansable, la innovaci\u00f3n y el liderazgo que elevan el est\u00e1ndar de la atenci\u00f3n en salud ocupacional en\u00a0nuestra\u00a0regi\u00f3n.<\/p>\n\n\n\n<figure class=\"wp-block-image size-large\"><a href=\"http:\/\/fecacso.com\/wp-content\/uploads\/2025\/06\/Imagen-de-WhatsApp-2025-06-03-a-las-15.47.50_faa92570.jpg\"><img loading=\"lazy\" decoding=\"async\" width=\"723\" height=\"1024\" src=\"http:\/\/fecacso.com\/wp-content\/uploads\/2025\/06\/Imagen-de-WhatsApp-2025-06-03-a-las-15.47.50_faa92570-723x1024.jpg\" alt=\"\" class=\"wp-image-3320\" srcset=\"http:\/\/fecacso.com\/wp-content\/uploads\/2025\/06\/Imagen-de-WhatsApp-2025-06-03-a-las-15.47.50_faa92570-723x1024.jpg 723w, http:\/\/fecacso.com\/wp-content\/uploads\/2025\/06\/Imagen-de-WhatsApp-2025-06-03-a-las-15.47.50_faa92570-212x300.jpg 212w, http:\/\/fecacso.com\/wp-content\/uploads\/2025\/06\/Imagen-de-WhatsApp-2025-06-03-a-las-15.47.50_faa92570.jpg 763w\" sizes=\"(max-width: 723px) 100vw, 723px\" \/><\/a><\/figure>\n\n\n\n<p>Nuestro m\u00e1s sincero homenaje al Dr. Oswaldo Rodr\u00edguez Soto, un pilar fundamental de la Salud Ocupacional en Venezuela, merecidamente galardonado con este premio. Su excelencia y dedicaci\u00f3n en la formaci\u00f3n de innumerables profesionales han moldeado la trayectoria de la SST en nuestro pa\u00eds. \u00a1Gracias por sembrar conocimiento que florece!.<\/p>\n\n\n\n<figure class=\"wp-block-image size-large\"><a href=\"http:\/\/fecacso.com\/wp-content\/uploads\/2025\/06\/Imagen-de-WhatsApp-2025-06-03-a-las-15.47.50_c85721e9.jpg\"><img loading=\"lazy\" decoding=\"async\" width=\"723\" height=\"1024\" src=\"http:\/\/fecacso.com\/wp-content\/uploads\/2025\/06\/Imagen-de-WhatsApp-2025-06-03-a-las-15.47.50_c85721e9-723x1024.jpg\" alt=\"\" class=\"wp-image-3321\" srcset=\"http:\/\/fecacso.com\/wp-content\/uploads\/2025\/06\/Imagen-de-WhatsApp-2025-06-03-a-las-15.47.50_c85721e9-723x1024.jpg 723w, http:\/\/fecacso.com\/wp-content\/uploads\/2025\/06\/Imagen-de-WhatsApp-2025-06-03-a-las-15.47.50_c85721e9-212x300.jpg 212w, http:\/\/fecacso.com\/wp-content\/uploads\/2025\/06\/Imagen-de-WhatsApp-2025-06-03-a-las-15.47.50_c85721e9.jpg 763w\" sizes=\"(max-width: 723px) 100vw, 723px\" \/><\/a><\/figure>\n\n\n\n<p>Asimismo, celebramos el merecido reconocimiento al MSc Igor Bello, cuya incansable labor de promoci\u00f3n a nivel nacional e internacional tambi\u00e9n lo hizo acreedor del Premio &#8220;Dr. Carlos Espejo&#8221;, elevando con orgullo el prestigio de la Salud Ocupacional venezolana. \u00a1Su visi\u00f3n y liderazgo trascienden fronteras, inspir\u00e1ndonos&nbsp;a&nbsp;todos!<\/p>\n\n\n<h2>\u00a0<\/h2>\n<h2>\u00a0<\/h2>\n<h2>\u00a0<\/h2>\n<h2>\u00a0<\/h2>\n<h2>\u00a0<\/h2>\n<h2 style=\"text-align: center;\">Premio a la Excelencia en Salud y Seguridad Ocupacional<br \/>Centro Am\u00e9rica y el Caribe<br \/>&#8220;Dr. Carlos Espejo&#8221;<\/h2>\n<p style=\"text-align: center;\"><a href=\"http:\/\/www.fecacso.com\/wp-content\/uploads\/2017\/01\/Acta-de-Instauracion-de-Premio.pdf\">Acta de Instauraci\u00f3n de Premio<\/a><\/p>\n<div id=\"m_-1744989878585204487yui_3_16_0_ym19_1_1485463247321_21981\" dir=\"ltr\">El premio a la Excelencia en Salud y Seguridad Ocupacional de Centro Am\u00e9rica y el Caribe &#8220;Dr. Carlos Espejo&#8221;, fue creado en el a\u00f1o 2016 en el marco del IX Congreso Centro Americano y del Caribe -FECACSO- por parte de los presidentes de cada Asociaci\u00f3n\/pa\u00eds miembro a FECACSO.<\/div>\n<div dir=\"ltr\">\u00a0<\/div>\n<div id=\"m_-1744989878585204487yui_3_16_0_ym19_1_1485463247321_21981\" dir=\"ltr\">Con el objetivo primordial de reconocer la labor que hace los profesionales de la regi\u00f3n Centro Americana y del Caribe por la Salud y Seguridad de los trabajadores de toda la regi\u00f3n.<\/div>\n<div dir=\"ltr\"><a href=\"http:\/\/www.fecacso.com\/wp-content\/uploads\/2017\/01\/Placa-Premio-a-la-Excelencia-FECACSO.jpg\"><img loading=\"lazy\" decoding=\"async\" class=\"alignright wp-image-354 size-medium\" src=\"http:\/\/www.fecacso.com\/wp-content\/uploads\/2017\/01\/Placa-Premio-a-la-Excelencia-FECACSO-245x300.jpg\" alt=\"Placa Premio a la Excelencia FECACSO\" width=\"245\" height=\"300\" srcset=\"http:\/\/fecacso.com\/wp-content\/uploads\/2017\/01\/Placa-Premio-a-la-Excelencia-FECACSO-245x300.jpg 245w, http:\/\/fecacso.com\/wp-content\/uploads\/2017\/01\/Placa-Premio-a-la-Excelencia-FECACSO-838x1024.jpg 838w, http:\/\/fecacso.com\/wp-content\/uploads\/2017\/01\/Placa-Premio-a-la-Excelencia-FECACSO.jpg 1389w\" sizes=\"(max-width: 245px) 100vw, 245px\" \/><\/a><\/div>\n<div dir=\"ltr\">La plaqueta esta formada al centro por la figura de un profesional que representa a cada uno de los mismos de la regi\u00f3n, rodeado de las 13 Asociaciones y\/o Sociedades miembros a FECACSO que representan a cada uno de los pa\u00edses como lo son: \u00a0M\u00e9xico, Guatemala, El Salvador, Honduras, Costa Rica, Nicaragua, Panam\u00e1, Colombia, Venezuela, Rep\u00fablica Dominicana, Cuba y Puerto Rico. Arriba se encuentra el Logotipo de FECACSO en dos ramas de Laureles que significa el \u00e9xito de la regi\u00f3n en buscar lugares de trabajo libres de Enfermedades y Accidentes Ocupacionales.<\/div>\n<div dir=\"ltr\">\u00a0<\/div>\n<div id=\"m_-1744989878585204487yui_3_16_0_ym19_1_1485463247321_21981\" dir=\"ltr\">Como t\u00edtulo lleva el nombre de uno de los Fundadores y Creadores de este sue\u00f1o Centro Americano y del Caribe el Ilustre Dr. Carlos Manuel Espejo Guasco y en la parte de abajo lleva el nombre del profesional galardonado para cada edici\u00f3n del congreso; por lo que a partir del 2016 cada dos a\u00f1os se entregar\u00e1 este galard\u00f3n dentro del marco del Congreso de FECACSO.<\/div>\n<pre id=\"m_-1744989878585204487yui_3_16_0_ym19_1_1485463247321_21981\" dir=\"ltr\">\u00a0<\/pre>\n<div dir=\"ltr\">\u00a0<\/div>\n<div id=\"m_-1744989878585204487yui_3_16_0_ym19_1_1485463247321_21981\" dir=\"ltr\"><strong><em>Dr. Luis Roberto Garc\u00eda Gir\u00f3n<\/em><\/strong><\/div>\n<div id=\"m_-1744989878585204487yui_3_16_0_ym19_1_1485463247321_21981\" dir=\"ltr\">Asociaci\u00f3n de Medicina del Trabajo de Guatemala ASOMET<\/div>\n<div id=\"m_-1744989878585204487yui_3_16_0_ym19_1_1485463247321_21981\" dir=\"ltr\">Presidente<\/div>\n<div id=\"m_-1744989878585204487yui_3_16_0_ym19_1_1485463247321_21981\" dir=\"ltr\">Dise\u00f1ador y Editor del Premio FECACSO<\/div>\n<p><a href=\"http:\/\/www.fecacso.com\/wp-content\/uploads\/2017\/01\/Fotos-Premio-a-la-Excelencia.jpg\"><img loading=\"lazy\" decoding=\"async\" class=\"alignnone size-full wp-image-357\" src=\"http:\/\/www.fecacso.com\/wp-content\/uploads\/2017\/01\/Fotos-Premio-a-la-Excelencia.jpg\" alt=\"Fotos Premio a la Excelencia\" width=\"990\" height=\"300\" srcset=\"http:\/\/fecacso.com\/wp-content\/uploads\/2017\/01\/Fotos-Premio-a-la-Excelencia.jpg 990w, http:\/\/fecacso.com\/wp-content\/uploads\/2017\/01\/Fotos-Premio-a-la-Excelencia-300x91.jpg 300w\" sizes=\"(max-width: 990px) 100vw, 990px\" \/><\/a><\/p>\n<h1 style=\"text-align: center;\"><em><strong>Premio a la Excelencia 2018\u00a0<\/strong><\/em><\/h1>\n<p>En el marco del X Congreso Centroamericano y del Caribe de Salud Ocupacional FECACSO 2018 llevado a cabo en la ciudad de Panam\u00e1, Panam\u00e1 se entreg\u00f3 el premio a distinguidos profesionales de Panam\u00e1 y de la Regi\u00f3n siendo ellos los galardonados:<\/p>\n<ol>\n<li>Dr.<\/li>\n<li>Dra. Viviana G\u00f3mez Sanchez\u00a0 (Costa Rica)<\/li>\n<li>Dr. Luis Roberto Garcia Giron (Guatemala)<\/li>\n<\/ol>\n<p><img loading=\"lazy\" decoding=\"async\" class=\"alignnone wp-image-590 alignleft\" src=\"http:\/\/fecacso.com\/wp-content\/uploads\/2020\/02\/FECASO-premio-2018-1-169x300.jpeg\" alt=\"\" width=\"193\" height=\"343\" srcset=\"http:\/\/fecacso.com\/wp-content\/uploads\/2020\/02\/FECASO-premio-2018-1-169x300.jpeg 169w, http:\/\/fecacso.com\/wp-content\/uploads\/2020\/02\/FECASO-premio-2018-1-576x1024.jpeg 576w, http:\/\/fecacso.com\/wp-content\/uploads\/2020\/02\/FECASO-premio-2018-1.jpeg 720w\" sizes=\"(max-width: 193px) 100vw, 193px\" \/>\u00a0\u00a0 <img loading=\"lazy\" decoding=\"async\" class=\"alignnone size-medium wp-image-593 alignleft\" src=\"http:\/\/fecacso.com\/wp-content\/uploads\/2020\/02\/fecaso-premio-2018-5-300x225.jpeg\" alt=\"\" width=\"300\" height=\"225\" srcset=\"http:\/\/fecacso.com\/wp-content\/uploads\/2020\/02\/fecaso-premio-2018-5-300x225.jpeg 300w, http:\/\/fecacso.com\/wp-content\/uploads\/2020\/02\/fecaso-premio-2018-5-768x576.jpeg 768w, http:\/\/fecacso.com\/wp-content\/uploads\/2020\/02\/fecaso-premio-2018-5-1024x768.jpeg 1024w, http:\/\/fecacso.com\/wp-content\/uploads\/2020\/02\/fecaso-premio-2018-5.jpeg 1280w\" sizes=\"(max-width: 300px) 100vw, 300px\" \/> \u00a0 \u00a0 \u00a0 \u00a0\u00a0<img loading=\"lazy\" decoding=\"async\" class=\"alignnone wp-image-591 alignleft\" src=\"http:\/\/fecacso.com\/wp-content\/uploads\/2020\/02\/Fecacso-premio-2018-2-169x300.jpeg\" alt=\"\" width=\"193\" height=\"342\" srcset=\"http:\/\/fecacso.com\/wp-content\/uploads\/2020\/02\/Fecacso-premio-2018-2-169x300.jpeg 169w, http:\/\/fecacso.com\/wp-content\/uploads\/2020\/02\/Fecacso-premio-2018-2-576x1024.jpeg 576w, http:\/\/fecacso.com\/wp-content\/uploads\/2020\/02\/Fecacso-premio-2018-2.jpeg 720w\" sizes=\"(max-width: 193px) 100vw, 193px\" \/><\/p>\n<p><img loading=\"lazy\" decoding=\"async\" class=\"alignnone wp-image-594\" src=\"http:\/\/fecacso.com\/wp-content\/uploads\/2020\/02\/fecacso-premio-2019-6--300x168.jpeg\" alt=\"\" width=\"345\" height=\"193\" srcset=\"http:\/\/fecacso.com\/wp-content\/uploads\/2020\/02\/fecacso-premio-2019-6--300x168.jpeg 300w, http:\/\/fecacso.com\/wp-content\/uploads\/2020\/02\/fecacso-premio-2019-6--768x431.jpeg 768w, http:\/\/fecacso.com\/wp-content\/uploads\/2020\/02\/fecacso-premio-2019-6--1024x575.jpeg 1024w, http:\/\/fecacso.com\/wp-content\/uploads\/2020\/02\/fecacso-premio-2019-6-.jpeg 1040w\" sizes=\"(max-width: 345px) 100vw, 345px\" \/>.\u00a0 \u00a0 \u00a0 \u00a0 \u00a0 \u00a0 \u00a0 \u00a0 \u00a0 \u00a0 \u00a0 \u00a0 \u00a0 \u00a0 \u00a0 \u00a0\u00a0<a href=\"http:\/\/fecacso.com\/wp-content\/uploads\/2020\/02\/Fecacso-premio-2018-3-.jpeg\"><img loading=\"lazy\" decoding=\"async\" class=\"alignnone size-medium wp-image-596\" src=\"http:\/\/fecacso.com\/wp-content\/uploads\/2020\/02\/Fecacso-premio-2018-3--300x225.jpeg\" alt=\"\" width=\"300\" height=\"225\" srcset=\"http:\/\/fecacso.com\/wp-content\/uploads\/2020\/02\/Fecacso-premio-2018-3--300x225.jpeg 300w, http:\/\/fecacso.com\/wp-content\/uploads\/2020\/02\/Fecacso-premio-2018-3--768x576.jpeg 768w, http:\/\/fecacso.com\/wp-content\/uploads\/2020\/02\/Fecacso-premio-2018-3--1024x768.jpeg 1024w, http:\/\/fecacso.com\/wp-content\/uploads\/2020\/02\/Fecacso-premio-2018-3-.jpeg 1080w\" sizes=\"(max-width: 300px) 100vw, 300px\" \/><\/a><\/p>","protected":false},"excerpt":{"rendered":"<p>Premio a la Excelencia en Salud y Seguridad OcupacionalCentro Am\u00e9rica y el Caribe&#8220;Dr. Carlos Espejo&#8221; 2025 En el marco del XIII Congreso de FECACSO 2025, se realiz\u00f3 la entrega del Premio a la Excelencia. Este galard\u00f3n no solo reconoce la<\/p>\n","protected":false},"author":2,"featured_media":0,"parent":0,"menu_order":0,"comment_status":"open","ping_status":"open","template":"","meta":{"footnotes":""},"_links":{"self":[{"href":"http:\/\/fecacso.com\/index.php?rest_route=\/wp\/v2\/pages\/340"}],"collection":[{"href":"http:\/\/fecacso.com\/index.php?rest_route=\/wp\/v2\/pages"}],"about":[{"href":"http:\/\/fecacso.com\/index.php?rest_route=\/wp\/v2\/types\/page"}],"author":[{"embeddable":true,"href":"http:\/\/fecacso.com\/index.php?rest_route=\/wp\/v2\/users\/2"}],"replies":[{"embeddable":true,"href":"http:\/\/fecacso.com\/index.php?rest_route=%2Fwp%2Fv2%2Fcomments&post=340"}],"version-history":[{"count":13,"href":"http:\/\/fecacso.com\/index.php?rest_route=\/wp\/v2\/pages\/340\/revisions"}],"predecessor-version":[{"id":3322,"href":"http:\/\/fecacso.com\/index.php?rest_route=\/wp\/v2\/pages\/340\/revisions\/3322"}],"wp:attachment":[{"href":"http:\/\/fecacso.com\/index.php?rest_route=%2Fwp%2Fv2%2Fmedia&parent=340"}],"curies":[{"name":"wp","href":"https:\/\/api.w.org\/{rel}","templated":true}]}}