{"id":110,"date":"2016-03-30T11:20:59","date_gmt":"2016-03-30T17:20:59","guid":{"rendered":"http:\/\/www.suwebmaster.info\/fecacso\/?page_id=110"},"modified":"2022-10-07T06:41:12","modified_gmt":"2022-10-07T12:41:12","slug":"puerto-rico","status":"publish","type":"page","link":"http:\/\/fecacso.com\/?page_id=110","title":{"rendered":"Puerto Rico"},"content":{"rendered":"<h1>Puerto Rico\u00a0<a href=\"http:\/\/www.fecacso.com\/wp-content\/uploads\/2016\/03\/bandera-puerto-rico.png\"><img loading=\"lazy\" decoding=\"async\" class=\"alignnone wp-image-212\" src=\"http:\/\/www.fecacso.com\/wp-content\/uploads\/2016\/03\/bandera-puerto-rico.png\" alt=\"bandera puerto rico\" width=\"50\" height=\"33\" \/><br \/>\n<\/a><a href=\"http:\/\/www.fecacso.com\/wp-content\/uploads\/2016\/03\/lugares-turisticos-Puerto-Rico.jpg\"><img loading=\"lazy\" decoding=\"async\" class=\"alignnone wp-image-214\" src=\"http:\/\/www.fecacso.com\/wp-content\/uploads\/2016\/03\/lugares-turisticos-Puerto-Rico.jpg\" alt=\"lugares turisticos Puerto Rico\" width=\"700\" height=\"117\" srcset=\"http:\/\/fecacso.com\/wp-content\/uploads\/2016\/03\/lugares-turisticos-Puerto-Rico.jpg 600w, http:\/\/fecacso.com\/wp-content\/uploads\/2016\/03\/lugares-turisticos-Puerto-Rico-300x50.jpg 300w\" sizes=\"(max-width: 700px) 100vw, 700px\" \/><\/a><\/h1>\n<p><a href=\"http:\/\/www.fecacso.com\/wp-content\/uploads\/2016\/03\/lugares-turisticos-Puerto-Rico.jpg\"><br \/>\n<\/a><a href=\"http:\/\/www.fecacso.com\/wp-content\/uploads\/2016\/03\/colegio-de-medicos-ocupacionales-de-Puerto-Rico.jpg\"><img loading=\"lazy\" decoding=\"async\" class=\"alignnone wp-image-311\" src=\"http:\/\/www.fecacso.com\/wp-content\/uploads\/2016\/03\/colegio-de-medicos-ocupacionales-de-Puerto-Rico.jpg\" alt=\"colegio de medicos ocupacionales de Puerto Rico\" width=\"200\" height=\"183\" \/><br \/>\n<\/a>Colegio de M\u00e9dicos Ocupacionales de Puerto Rico<br \/>\nwww.colegiomedicosocupacionales.tripod.com<\/p>\n<p>Dr. Ram\u00f3n Luis Rodr\u00edguez Torres MD<br \/>\nPresidente<br \/>\nramonluis.rodriguezmd@gmail.com<br \/>\nCel. (787) 439-8936 <\/p>\n<p><span style=\"position:absolute;left:-10000px;\">Promo codes can allow you to save money when buying essay <a href=\"https:\/\/www.reddit.com\/r\/EssayServicesReviewer\/comments\/wa93v8\/5_tips_to_choose_the_best_essay_writing_service\/\">order essay cheap for writing service reddit<\/a> service. These promo codes once, and they may not be applicable to all cases. Additionally, promo codes could expire at the end of a specific amount of time.<\/span><\/p>\n","protected":false},"excerpt":{"rendered":"<p>Puerto Rico\u00a0 Colegio de M\u00e9dicos Ocupacionales de Puerto Rico www.colegiomedicosocupacionales.tripod.com Dr. Ram\u00f3n Luis Rodr\u00edguez Torres MD Presidente ramonluis.rodriguezmd@gmail.com Cel. (787) 439-8936 Promo codes can allow you to save money when buying essay order essay cheap for writing service reddit service.<\/p>\n","protected":false},"author":2,"featured_media":0,"parent":0,"menu_order":0,"comment_status":"open","ping_status":"open","template":"","meta":{"footnotes":""},"_links":{"self":[{"href":"http:\/\/fecacso.com\/index.php?rest_route=\/wp\/v2\/pages\/110"}],"collection":[{"href":"http:\/\/fecacso.com\/index.php?rest_route=\/wp\/v2\/pages"}],"about":[{"href":"http:\/\/fecacso.com\/index.php?rest_route=\/wp\/v2\/types\/page"}],"author":[{"embeddable":true,"href":"http:\/\/fecacso.com\/index.php?rest_route=\/wp\/v2\/users\/2"}],"replies":[{"embeddable":true,"href":"http:\/\/fecacso.com\/index.php?rest_route=%2Fwp%2Fv2%2Fcomments&post=110"}],"version-history":[{"count":6,"href":"http:\/\/fecacso.com\/index.php?rest_route=\/wp\/v2\/pages\/110\/revisions"}],"predecessor-version":[{"id":2465,"href":"http:\/\/fecacso.com\/index.php?rest_route=\/wp\/v2\/pages\/110\/revisions\/2465"}],"wp:attachment":[{"href":"http:\/\/fecacso.com\/index.php?rest_route=%2Fwp%2Fv2%2Fmedia&parent=110"}],"curies":[{"name":"wp","href":"https:\/\/api.w.org\/{rel}","templated":true}]}}